{"id":178,"date":"2022-09-19T19:54:56","date_gmt":"2022-09-19T16:54:56","guid":{"rendered":"https:\/\/hatzopoulos-sa.webable.dev\/?page_id=178"},"modified":"2022-10-25T19:55:09","modified_gmt":"2022-10-25T16:55:09","slug":"ypiresies","status":"publish","type":"page","link":"https:\/\/hatzopoulos-sa.gr\/de\/ypiresies\/","title":{"rendered":"DIENSTLEISTUNGEN"},"content":{"rendered":"<div      class=\"vc_row wpb_row section vc_row-fluid\" style=' text-align:left;'><div class=\"full_section_inner clearfix\"><div class=\"wpb_column vc_column_container vc_col-sm-12\"><div class=\"vc_column-inner\"><div class=\"wpb_wrapper\">\n\t\t\t<!-- START ipiresies REVOLUTION SLIDER 6.5.31 --><p class=\"rs-p-wp-fix\"><\/p>\n\t\t\t<rs-module-wrap id=\"rev_slider_3_1_wrapper\" data-source=\"gallery\" style=\"visibility:hidden;background:transparent;padding:0;margin:0px auto;margin-top:0;margin-bottom:0;\">\n\t\t\t\t<rs-module id=\"rev_slider_3_1\" style=\"\" data-version=\"6.5.31\">\n\t\t\t\t\t<rs-slides>\n\t\t\t\t\t\t<rs-slide style=\"position: absolute;\" data-key=\"rs-3\" data-title=\"Slide\" data-in=\"o:0;\" data-out=\"a:false;\">\n\t\t\t\t\t\t\t<img src=\"\/\/hatzopoulos-sa.gr\/wp-content\/plugins\/revslider\/public\/assets\/assets\/dummy.png\" alt=\"YPHRESIES SLIDER DESKTOP\" title=\"YPHRESIES SLIDER DESKTOP\" width=\"1920\" height=\"920\" class=\"rev-slidebg tp-rs-img rs-lazyload\" data-lazyload=\"\/\/hatzopoulos-sa.gr\/wp-content\/uploads\/2022\/09\/YPHRESIES-SLIDER-DESKTOP.jpg\" data-bg=\"p:left center;\" data-panzoom=\"d:10000;ss:100;se:110%;\" data-no-retina>\n<!--\n\t\t\t\t\t\t\t--><rs-layer\n\t\t\t\t\t\t\t\tid=\"slider-3-slide-3-layer-0\" \n\t\t\t\t\t\t\t\tdata-type=\"text\"\n\t\t\t\t\t\t\t\tdata-color=\"#32405c\"\n\t\t\t\t\t\t\t\tdata-rsp_ch=\"on\"\n\t\t\t\t\t\t\t\tdata-xy=\"x:c;xo:-199px;y:c;\"\n\t\t\t\t\t\t\t\tdata-text=\"w:normal;s:35;l:45;\"\n\t\t\t\t\t\t\t\tdata-dim=\"w:600px;h:120px;\"\n\t\t\t\t\t\t\t\tdata-padding=\"t:30;r:30;b:30;l:30;\"\n\t\t\t\t\t\t\t\tdata-frame_999=\"o:0;st:w;\"\n\t\t\t\t\t\t\t\tstyle=\"z-index:5;background-color:#ffffff;font-family:'Roboto';\"\n\t\t\t\t\t\t\t>DIENSTLEISTUNGEN \n\t\t\t\t\t\t\t<\/rs-layer><!--\n\n\t\t\t\t\t\t\t--><rs-layer\n\t\t\t\t\t\t\t\tid=\"slider-3-slide-3-layer-1\" \n\t\t\t\t\t\t\t\tdata-type=\"shape\"\n\t\t\t\t\t\t\t\tdata-rsp_ch=\"on\"\n\t\t\t\t\t\t\t\tdata-xy=\"x:c;xo:-453px;y:c;yo:27px;\"\n\t\t\t\t\t\t\t\tdata-text=\"w:normal;\"\n\t\t\t\t\t\t\t\tdata-dim=\"w:260px;h:2px;\"\n\t\t\t\t\t\t\t\tdata-frame_999=\"o:0;st:w;\"\n\t\t\t\t\t\t\t\tstyle=\"z-index:6;background-color:#e00022;\"\n\t\t\t\t\t\t\t> \n\t\t\t\t\t\t\t<\/rs-layer><!--\n-->\t\t\t\t\t\t<\/rs-slide>\n\t\t\t\t\t<\/rs-slides>\n\t\t\t\t<\/rs-module>\n\t\t\t\t<script>\n\t\t\t\t\tsetREVStartSize({c: 'rev_slider_3_1',rl:[1240,1024,778,480],el:[470],gw:[1920],gh:[470],type:'standard',justify:'',layout:'fullwidth',mh:\"0\"});if (window.RS_MODULES!==undefined && window.RS_MODULES.modules!==undefined && window.RS_MODULES.modules[\"revslider31\"]!==undefined) {window.RS_MODULES.modules[\"revslider31\"].once = false;window.revapi3 = undefined;if (window.RS_MODULES.checkMinimal!==undefined) window.RS_MODULES.checkMinimal()}\n\t\t\t\t<\/script>\n\t\t\t<\/rs-module-wrap>\n\t\t\t<!-- END REVOLUTION SLIDER -->\n<\/div><\/div><\/div><\/div><\/div><div      class=\"vc_row wpb_row section vc_row-fluid  grid_section\" style=' padding-top:60px; padding-bottom:60px; text-align:left;'><div class=\"section_inner clearfix\"><div class='section_inner_margin clearfix'><div class=\"wpb_column vc_column_container vc_col-sm-6\"><div class=\"vc_column-inner\"><div class=\"wpb_wrapper\">\n\t<div class=\"wpb_text_column wpb_content_element\">\n\t\t<div class=\"wpb_wrapper\">\n\t\t\t<h2>INDUSTRIELLE ISOLIERUNGEN<\/h2>\n\n\t\t<\/div> \n\t<\/div> <div class=\"separator  small left\" style=\"margin-top: 20px;margin-bottom: 40px;background-color: #c4001e;opacity: 1;height: 1px;width: 240px;\"><\/div>\n\n\t<div class=\"wpb_text_column wpb_content_element\">\n\t\t<div class=\"wpb_wrapper\">\n\t\t\t<p><strong>WARM<\/strong><br \/>\nvon Kesseln<br \/>\nvon Wasser-, Dampf-, \u00d6lleitungen<br \/>\nvon Maschinenr\u00e4umen - Ventilatoren<br \/>\nvon Zyklonen<br \/>\nvon Luftkan\u00e4len<br \/>\nvon Tanks<br \/>\nvon Ausr\u00fcstungen<br \/>\nvon Schornsteinen<\/p>\n<p><strong>KALT<\/strong><br \/>\nvon Tanks<br \/>\nvon Rohrleitungen<br \/>\nvon Ausr\u00fcstungen<\/p>\n<p><strong>SCHALLISOLIERUNGEN<\/strong><br \/>\nVon Produktionsst\u00e4tten<br \/>\nVon Maschinen<br \/>\nVon Kesselstationen<\/p>\n\n\t\t<\/div> \n\t<\/div> <\/div><\/div><\/div><div class=\"wpb_column vc_column_container vc_col-sm-6\"><div class=\"vc_column-inner\"><div class=\"wpb_wrapper\">\n\t<div class=\"wpb_single_image wpb_content_element vc_align_center\">\n\t\t<div class=\"wpb_wrapper\">\n\t\t\t\n\t\t\t<div class=\"vc_single_image-wrapper   vc_box_border_grey\"><img width=\"600\" height=\"600\" src=\"https:\/\/hatzopoulos-sa.gr\/wp-content\/uploads\/2022\/09\/YPHRESIES-BIOMHXANIKES-MONOSEIS-1.jpg\" class=\"vc_single_image-img attachment-full\" alt=\"YPHRESIES BIOMHXANIKES MONOSEIS 1\" loading=\"lazy\" title=\"YPHRESIES BIOMHXANIKES MONOSEIS 1\" srcset=\"https:\/\/hatzopoulos-sa.gr\/wp-content\/uploads\/2022\/09\/YPHRESIES-BIOMHXANIKES-MONOSEIS-1.jpg 600w, https:\/\/hatzopoulos-sa.gr\/wp-content\/uploads\/2022\/09\/YPHRESIES-BIOMHXANIKES-MONOSEIS-1-300x300.jpg 300w, https:\/\/hatzopoulos-sa.gr\/wp-content\/uploads\/2022\/09\/YPHRESIES-BIOMHXANIKES-MONOSEIS-1-150x150.jpg 150w, https:\/\/hatzopoulos-sa.gr\/wp-content\/uploads\/2022\/09\/YPHRESIES-BIOMHXANIKES-MONOSEIS-1-570x570.jpg 570w, https:\/\/hatzopoulos-sa.gr\/wp-content\/uploads\/2022\/09\/YPHRESIES-BIOMHXANIKES-MONOSEIS-1-500x500.jpg 500w\" sizes=\"(max-width: 600px) 100vw, 600px\" \/><\/div>\n\t\t<\/div>\n\t<\/div>\n<\/div><\/div><\/div><\/div><\/div><\/div><div      class=\"vc_row wpb_row section vc_row-fluid  grid_section\" style='background-color:#f5f5f5; padding-top:60px; padding-bottom:60px; text-align:left;'><div class=\"section_inner clearfix\"><div class='section_inner_margin clearfix'><div class=\"wpb_column vc_column_container vc_col-sm-6\"><div class=\"vc_column-inner\"><div class=\"wpb_wrapper\">\n\t<div class=\"wpb_single_image wpb_content_element vc_align_center\">\n\t\t<div class=\"wpb_wrapper\">\n\t\t\t\n\t\t\t<div class=\"vc_single_image-wrapper   vc_box_border_grey\"><img width=\"600\" height=\"600\" src=\"https:\/\/hatzopoulos-sa.gr\/wp-content\/uploads\/2022\/09\/YPHRESIES-AERAGVGOI-ME-1.jpg\" class=\"vc_single_image-img attachment-full\" alt=\"YPHRESIES AERAGVGOI ME 1\" loading=\"lazy\" title=\"YPHRESIES AERAGVGOI ME 1\" srcset=\"https:\/\/hatzopoulos-sa.gr\/wp-content\/uploads\/2022\/09\/YPHRESIES-AERAGVGOI-ME-1.jpg 600w, https:\/\/hatzopoulos-sa.gr\/wp-content\/uploads\/2022\/09\/YPHRESIES-AERAGVGOI-ME-1-300x300.jpg 300w, https:\/\/hatzopoulos-sa.gr\/wp-content\/uploads\/2022\/09\/YPHRESIES-AERAGVGOI-ME-1-150x150.jpg 150w, https:\/\/hatzopoulos-sa.gr\/wp-content\/uploads\/2022\/09\/YPHRESIES-AERAGVGOI-ME-1-570x570.jpg 570w, https:\/\/hatzopoulos-sa.gr\/wp-content\/uploads\/2022\/09\/YPHRESIES-AERAGVGOI-ME-1-500x500.jpg 500w\" sizes=\"(max-width: 600px) 100vw, 600px\" \/><\/div>\n\t\t<\/div>\n\t<\/div>\n<\/div><\/div><\/div><div class=\"wpb_column vc_column_container vc_col-sm-6\"><div class=\"vc_column-inner\"><div class=\"wpb_wrapper\">\n\t<div class=\"wpb_text_column wpb_content_element\">\n\t\t<div class=\"wpb_wrapper\">\n\t\t\t<h2>LUFTKANALINSTALLATIONEN<\/h2>\n\n\t\t<\/div> \n\t<\/div> <div class=\"separator  small left\" style=\"margin-top: 20px;margin-bottom: 40px;background-color: #c4001e;opacity: 1;height: 1px;width: 240px;\"><\/div>\n\n\t<div class=\"wpb_text_column wpb_content_element\">\n\t\t<div class=\"wpb_wrapper\">\n\t\t\t<p>Wir entwerfen und implementieren L\u00fcftungsanlagen f\u00fcr den Transport von Materialien (S\u00e4gemehl, Baumwolle...), um optimale Effizienz und Wirtschaftlichkeit zu erreichen.<\/p>\n\n\t\t<\/div> \n\t<\/div> <\/div><\/div><\/div><\/div><\/div><\/div><div      class=\"vc_row wpb_row section vc_row-fluid  grid_section\" style=' padding-top:60px; padding-bottom:60px; text-align:left;'><div class=\"section_inner clearfix\"><div class='section_inner_margin clearfix'><div class=\"wpb_column vc_column_container vc_col-sm-6\"><div class=\"vc_column-inner\"><div class=\"wpb_wrapper\">\n\t<div class=\"wpb_text_column wpb_content_element\">\n\t\t<div class=\"wpb_wrapper\">\n\t\t\t<h2>ZYKLONE<\/h2>\n\n\t\t<\/div> \n\t<\/div> <div class=\"separator  small left\" style=\"margin-top: 20px;margin-bottom: 40px;background-color: #c4001e;opacity: 1;height: 1px;width: 240px;\"><\/div>\n\n\t<div class=\"wpb_text_column wpb_content_element\">\n\t\t<div class=\"wpb_wrapper\">\n\t\t\t<p>Hochleistungszyklone absorbieren und verarbeiten gro\u00dfe Partikel und tragen zur Schaffung einer sauberen Arbeitsumgebung bei.<\/p>\n\n\t\t<\/div> \n\t<\/div> <\/div><\/div><\/div><div class=\"wpb_column vc_column_container vc_col-sm-6\"><div class=\"vc_column-inner\"><div class=\"wpb_wrapper\">\n\t<div class=\"wpb_single_image wpb_content_element vc_align_center\">\n\t\t<div class=\"wpb_wrapper\">\n\t\t\t\n\t\t\t<div class=\"vc_single_image-wrapper   vc_box_border_grey\"><img width=\"600\" height=\"600\" src=\"https:\/\/hatzopoulos-sa.gr\/wp-content\/uploads\/2022\/09\/YPHRESIES-KYKLONES-1.jpg\" class=\"vc_single_image-img attachment-full\" alt=\"YPHRESIES KYKLONES 1\" loading=\"lazy\" title=\"YPHRESIES KYKLONES 1\" srcset=\"https:\/\/hatzopoulos-sa.gr\/wp-content\/uploads\/2022\/09\/YPHRESIES-KYKLONES-1.jpg 600w, https:\/\/hatzopoulos-sa.gr\/wp-content\/uploads\/2022\/09\/YPHRESIES-KYKLONES-1-300x300.jpg 300w, https:\/\/hatzopoulos-sa.gr\/wp-content\/uploads\/2022\/09\/YPHRESIES-KYKLONES-1-150x150.jpg 150w, https:\/\/hatzopoulos-sa.gr\/wp-content\/uploads\/2022\/09\/YPHRESIES-KYKLONES-1-570x570.jpg 570w, https:\/\/hatzopoulos-sa.gr\/wp-content\/uploads\/2022\/09\/YPHRESIES-KYKLONES-1-500x500.jpg 500w\" sizes=\"(max-width: 600px) 100vw, 600px\" \/><\/div>\n\t\t<\/div>\n\t<\/div>\n<\/div><\/div><\/div><\/div><\/div><\/div><div      class=\"vc_row wpb_row section vc_row-fluid  grid_section\" style='background-color:#f5f5f5; padding-top:60px; padding-bottom:60px; text-align:left;'><div class=\"section_inner clearfix\"><div class='section_inner_margin clearfix'><div class=\"wpb_column vc_column_container vc_col-sm-6\"><div class=\"vc_column-inner\"><div class=\"wpb_wrapper\">\n\t<div class=\"wpb_single_image wpb_content_element vc_align_center\">\n\t\t<div class=\"wpb_wrapper\">\n\t\t\t\n\t\t\t<div class=\"vc_single_image-wrapper   vc_box_border_grey\"><img width=\"600\" height=\"600\" src=\"https:\/\/hatzopoulos-sa.gr\/wp-content\/uploads\/2022\/09\/YPHRESIES-EXAERISMOS-1.jpg\" class=\"vc_single_image-img attachment-full\" alt=\"YPHRESIES EXAERISMOS 1\" loading=\"lazy\" title=\"YPHRESIES EXAERISMOS 1\" srcset=\"https:\/\/hatzopoulos-sa.gr\/wp-content\/uploads\/2022\/09\/YPHRESIES-EXAERISMOS-1.jpg 600w, https:\/\/hatzopoulos-sa.gr\/wp-content\/uploads\/2022\/09\/YPHRESIES-EXAERISMOS-1-300x300.jpg 300w, https:\/\/hatzopoulos-sa.gr\/wp-content\/uploads\/2022\/09\/YPHRESIES-EXAERISMOS-1-150x150.jpg 150w, https:\/\/hatzopoulos-sa.gr\/wp-content\/uploads\/2022\/09\/YPHRESIES-EXAERISMOS-1-570x570.jpg 570w, https:\/\/hatzopoulos-sa.gr\/wp-content\/uploads\/2022\/09\/YPHRESIES-EXAERISMOS-1-500x500.jpg 500w\" sizes=\"(max-width: 600px) 100vw, 600px\" \/><\/div>\n\t\t<\/div>\n\t<\/div>\n<\/div><\/div><\/div><div class=\"wpb_column vc_column_container vc_col-sm-6\"><div class=\"vc_column-inner\"><div class=\"wpb_wrapper\">\n\t<div class=\"wpb_text_column wpb_content_element\">\n\t\t<div class=\"wpb_wrapper\">\n\t\t\t<h2>KLIMAANLAGE - L\u00dcFTUNG<\/h2>\n\n\t\t<\/div> \n\t<\/div> <div class=\"separator  small left\" style=\"margin-top: 20px;margin-bottom: 40px;background-color: #c4001e;opacity: 1;height: 1px;width: 240px;\"><\/div>\n\n\t<div class=\"wpb_text_column wpb_content_element\">\n\t\t<div class=\"wpb_wrapper\">\n\t\t\t<p>Luftkanalnetze mit kreisf\u00f6rmigem und rechteckigem Querschnitt von zentralen Klimaanlagen von VRV-Systemen<br \/>\n\u00d6ffentliche Veranstaltungsorte<br \/>\nVon Produktionsst\u00e4tten<\/p>\n\n\t\t<\/div> \n\t<\/div> <\/div><\/div><\/div><\/div><\/div><\/div>","protected":false},"excerpt":{"rendered":"\u03a5\u03c0\u03b7\u03c1\u03b5\u03c3\u03af\u03b5\u03c2 \u0392\u0399\u039f\u039c\u0397\u03a7\u0391\u039d\u0399\u039a\u0395\u03a3 \u039c\u039f\u039d\u03a9\u03a3\u0395\u0399\u03a3 \u0398\u0395\u03a1\u039c\u0395\u03a3 \u039b\u03b5\u03b2\u03ae\u03c4\u03c9\u03bd \u03a3\u03c9\u03bb\u03b7\u03bd\u03ce\u03c3\u03b5\u03c9\u03bd \u03bd\u03b5\u03c1\u03bf\u03cd, \u03b1\u03c4\u03bc\u03bf\u03cd, \u03bb\u03b1\u03b4\u03b9\u03bf\u03cd \u039c\u03b7\u03c7\u03b1\u03bd\u03bf\u03c3\u03c4\u03b1\u03c3\u03af\u03c9\u03bd - \u0391\u03bd\u03b5\u03bc\u03b9\u03c3\u03c4\u03b7\u03c1\u03c9\u03bd \u039a\u03c5\u03ba\u03bb\u03ce\u03bd\u03c9\u03bd \u0391\u03b5\u03c1\u03b1\u03b3\u03c9\u03b3\u03ce\u03bd \u0394\u03b5\u03be\u03b1\u03bc\u03b5\u03bd\u03ce\u03bd \u0395\u03be\u03bf\u03c0\u03bb\u03b9\u03c3\u03bc\u03ce\u03bd \u039a\u03b1\u03bc\u03b9\u03bd\u03ac\u03b4\u03c9\u03bd \u03a8\u03a5\u03a7\u03a1\u0395\u03a3 \u0394\u03b5\u03be\u03b1\u03bc\u03b5\u03bd\u03ce\u03bd \u03a3\u03c9\u03bb\u03b7\u03bd\u03ce\u03c3\u03b5\u03c9\u03bd \u0395\u03be\u03bf\u03c0\u03bb\u03b9\u03c3\u03bc\u03ce\u03bd \u0397\u03a7\u039f\u039c\u039f\u039d\u03a9\u03a3\u0395\u0399\u03a3 \u03a7\u03ce\u03c1\u03c9\u03bd \u03c0\u03b1\u03c1\u03b1\u03b3\u03c9\u03b3\u03ae\u03c2 \u039c\u03b7\u03c7\u03b1\u03bd\u03b7\u03bc\u03ac\u03c4\u03c9\u03bd \u039b\u03b5\u03b2\u03b7\u03c4\u03bf\u03c3\u03c4\u03b1\u03c3\u03af\u03c9\u03bd \u0395\u0393\u039a\u0391\u03a4\u0391\u03a3\u03a4\u0391\u03a3\u0395\u0399\u03a3 \u0391\u0395\u03a1\u0391\u0393\u03a9\u0393\u03a9\u039d \u03a3\u03c7\u03b5\u03b4\u03b9\u03ac\u03b6\u03bf\u03c5\u03bc\u03b5 \u03ba\u03b1\u03b9 \u03c5\u03bb\u03bf\u03c0\u03bf\u03b9\u03bf\u03cd\u03bc\u03b5 \u03b5\u03b3\u03ba\u03b1\u03c4\u03b1\u03c3\u03c4\u03ac\u03c3\u03b5\u03b9\u03c2 \u03b1\u03b5\u03c1\u03b1\u03b3\u03c9\u03b3\u03ce\u03bd \u03bc\u03b5\u03c4\u03b1\u03c6\u03bf\u03c1\u03ac\u03c2 \u03c5\u03bb\u03b9\u03ba\u03ce\u03bd (\u03c0\u03c1\u03b9\u03bf\u03bd\u03af\u03b4\u03b9, \u03b2\u03b1\u03bc\u03b2\u03ac\u03ba\u03b9\u2026) \u03bc\u03b5 \u03c3\u03c4\u03cc\u03c7\u03bf \u03c4\u03b7\u03bd \u03b2\u03ad\u03bb\u03c4\u03b9\u03c3\u03c4\u03b7 \u03b1\u03c0\u03cc\u03b4\u03bf\u03c3\u03b7 \u03ba\u03b1\u03b9 \u03bf\u03b9\u03ba\u03bf\u03bd\u03bf\u03bc\u03af\u03b1. \u039a\u03a5\u039a\u039b\u03a9\u039d\u0395\u03a3...","protected":false},"author":1,"featured_media":0,"parent":0,"menu_order":0,"comment_status":"closed","ping_status":"closed","template":"full_width.php","meta":[],"yoast_head":"<!-- This site is optimized with the Yoast SEO plugin v19.9 - https:\/\/yoast.com\/wordpress\/plugins\/seo\/ -->\n<title>\u03a5\u03c0\u03b7\u03c1\u03b5\u03c3\u03af\u03b5\u03c2 - \u03a7\u0391\u03a4\u0396\u039f\u03a0\u039f\u03a5\u039b\u039f\u03a3 \u0391.\u0395. - \u0392\u0399\u039f\u039c\u0397\u03a7\u0391\u039d\u0399\u039a\u0395\u03a3 \u039c\u039f\u039d\u03a9\u03a3\u0395\u0399\u03a3 - \u0392\u0399\u039f\u039c\u0397\u03a7\u0391\u039d\u0399\u039a\u0395\u03a3 \u0395\u0393\u039a\u0391\u03a4\u0391\u03a3\u03a4\u0391\u03a3\u0395\u0399\u03a3 \u0391\u0395\u03a1\u0391\u0393\u03a9\u0393\u03a9\u039d - \u039a\u039b\u0399\u039c\u0391\u03a4\u0399\u03a3\u039c\u039f\u03a3 - \u0395\u039e\u0391\u0395\u03a1\u0399\u03a3\u039c\u039f\u03a3<\/title>\n<meta name=\"robots\" content=\"index, follow, max-snippet:-1, max-image-preview:large, max-video-preview:-1\" \/>\n<link rel=\"canonical\" href=\"https:\/\/hatzopoulos-sa.gr\/de\/ypiresies\/\" \/>\n<meta property=\"og:locale\" content=\"de_DE\" \/>\n<meta property=\"og:type\" content=\"article\" \/>\n<meta property=\"og:title\" content=\"\u03a5\u03c0\u03b7\u03c1\u03b5\u03c3\u03af\u03b5\u03c2 - \u03a7\u0391\u03a4\u0396\u039f\u03a0\u039f\u03a5\u039b\u039f\u03a3 \u0391.\u0395. - \u0392\u0399\u039f\u039c\u0397\u03a7\u0391\u039d\u0399\u039a\u0395\u03a3 \u039c\u039f\u039d\u03a9\u03a3\u0395\u0399\u03a3 - \u0392\u0399\u039f\u039c\u0397\u03a7\u0391\u039d\u0399\u039a\u0395\u03a3 \u0395\u0393\u039a\u0391\u03a4\u0391\u03a3\u03a4\u0391\u03a3\u0395\u0399\u03a3 \u0391\u0395\u03a1\u0391\u0393\u03a9\u0393\u03a9\u039d - \u039a\u039b\u0399\u039c\u0391\u03a4\u0399\u03a3\u039c\u039f\u03a3 - \u0395\u039e\u0391\u0395\u03a1\u0399\u03a3\u039c\u039f\u03a3\" \/>\n<meta property=\"og:url\" content=\"https:\/\/hatzopoulos-sa.gr\/de\/ypiresies\/\" \/>\n<meta property=\"og:site_name\" content=\"\u03a7\u0391\u03a4\u0396\u039f\u03a0\u039f\u03a5\u039b\u039f\u03a3 \u0391.\u0395. - \u0392\u0399\u039f\u039c\u0397\u03a7\u0391\u039d\u0399\u039a\u0395\u03a3 \u039c\u039f\u039d\u03a9\u03a3\u0395\u0399\u03a3 - \u0392\u0399\u039f\u039c\u0397\u03a7\u0391\u039d\u0399\u039a\u0395\u03a3 \u0395\u0393\u039a\u0391\u03a4\u0391\u03a3\u03a4\u0391\u03a3\u0395\u0399\u03a3 \u0391\u0395\u03a1\u0391\u0393\u03a9\u0393\u03a9\u039d - \u039a\u039b\u0399\u039c\u0391\u03a4\u0399\u03a3\u039c\u039f\u03a3 - \u0395\u039e\u0391\u0395\u03a1\u0399\u03a3\u039c\u039f\u03a3\" \/>\n<meta property=\"article:modified_time\" content=\"2022-10-25T16:55:09+00:00\" \/>\n<meta name=\"twitter:card\" content=\"summary_large_image\" \/>\n<meta name=\"twitter:label1\" content=\"Gesch\u00e4tzte Lesezeit\" \/>\n\t<meta name=\"twitter:data1\" content=\"2\u00a0Minuten\" \/>\n<script type=\"application\/ld+json\" class=\"yoast-schema-graph\">{\"@context\":\"https:\/\/schema.org\",\"@graph\":[{\"@type\":\"WebPage\",\"@id\":\"https:\/\/hatzopoulos-sa.gr\/ypiresies\/\",\"url\":\"https:\/\/hatzopoulos-sa.gr\/ypiresies\/\",\"name\":\"\u03a5\u03c0\u03b7\u03c1\u03b5\u03c3\u03af\u03b5\u03c2 - \u03a7\u0391\u03a4\u0396\u039f\u03a0\u039f\u03a5\u039b\u039f\u03a3 \u0391.\u0395. - \u0392\u0399\u039f\u039c\u0397\u03a7\u0391\u039d\u0399\u039a\u0395\u03a3 \u039c\u039f\u039d\u03a9\u03a3\u0395\u0399\u03a3 - \u0392\u0399\u039f\u039c\u0397\u03a7\u0391\u039d\u0399\u039a\u0395\u03a3 \u0395\u0393\u039a\u0391\u03a4\u0391\u03a3\u03a4\u0391\u03a3\u0395\u0399\u03a3 \u0391\u0395\u03a1\u0391\u0393\u03a9\u0393\u03a9\u039d - \u039a\u039b\u0399\u039c\u0391\u03a4\u0399\u03a3\u039c\u039f\u03a3 - \u0395\u039e\u0391\u0395\u03a1\u0399\u03a3\u039c\u039f\u03a3\",\"isPartOf\":{\"@id\":\"https:\/\/hatzopoulos-sa.gr\/#website\"},\"datePublished\":\"2022-09-19T16:54:56+00:00\",\"dateModified\":\"2022-10-25T16:55:09+00:00\",\"breadcrumb\":{\"@id\":\"https:\/\/hatzopoulos-sa.gr\/ypiresies\/#breadcrumb\"},\"inLanguage\":\"de\",\"potentialAction\":[{\"@type\":\"ReadAction\",\"target\":[\"https:\/\/hatzopoulos-sa.gr\/ypiresies\/\"]}]},{\"@type\":\"BreadcrumbList\",\"@id\":\"https:\/\/hatzopoulos-sa.gr\/ypiresies\/#breadcrumb\",\"itemListElement\":[{\"@type\":\"ListItem\",\"position\":1,\"name\":\"\u0391\u03c1\u03c7\u03b9\u03ba\u03ae\",\"item\":\"https:\/\/hatzopoulos-sa.gr\/\"},{\"@type\":\"ListItem\",\"position\":2,\"name\":\"\u03a5\u03c0\u03b7\u03c1\u03b5\u03c3\u03af\u03b5\u03c2\"}]},{\"@type\":\"WebSite\",\"@id\":\"https:\/\/hatzopoulos-sa.gr\/#website\",\"url\":\"https:\/\/hatzopoulos-sa.gr\/\",\"name\":\"\u03a7\u0391\u03a4\u0396\u039f\u03a0\u039f\u03a5\u039b\u039f\u03a3 \u0391.\u0395. - \u0392\u0399\u039f\u039c\u0397\u03a7\u0391\u039d\u0399\u039a\u0395\u03a3 \u039c\u039f\u039d\u03a9\u03a3\u0395\u0399\u03a3 - \u0392\u0399\u039f\u039c\u0397\u03a7\u0391\u039d\u0399\u039a\u0395\u03a3 \u0395\u0393\u039a\u0391\u03a4\u0391\u03a3\u03a4\u0391\u03a3\u0395\u0399\u03a3 \u0391\u0395\u03a1\u0391\u0393\u03a9\u0393\u03a9\u039d - \u039a\u039b\u0399\u039c\u0391\u03a4\u0399\u03a3\u039c\u039f\u03a3 - \u0395\u039e\u0391\u0395\u03a1\u0399\u03a3\u039c\u039f\u03a3\",\"description\":\"Just another WordPress site\",\"potentialAction\":[{\"@type\":\"SearchAction\",\"target\":{\"@type\":\"EntryPoint\",\"urlTemplate\":\"https:\/\/hatzopoulos-sa.gr\/?s={search_term_string}\"},\"query-input\":\"required name=search_term_string\"}],\"inLanguage\":\"de\"}]}<\/script>\n<!-- \/ Yoast SEO plugin. -->","yoast_head_json":{"title":"\u03a5\u03c0\u03b7\u03c1\u03b5\u03c3\u03af\u03b5\u03c2 - \u03a7\u0391\u03a4\u0396\u039f\u03a0\u039f\u03a5\u039b\u039f\u03a3 \u0391.\u0395. - \u0392\u0399\u039f\u039c\u0397\u03a7\u0391\u039d\u0399\u039a\u0395\u03a3 \u039c\u039f\u039d\u03a9\u03a3\u0395\u0399\u03a3 - \u0392\u0399\u039f\u039c\u0397\u03a7\u0391\u039d\u0399\u039a\u0395\u03a3 \u0395\u0393\u039a\u0391\u03a4\u0391\u03a3\u03a4\u0391\u03a3\u0395\u0399\u03a3 \u0391\u0395\u03a1\u0391\u0393\u03a9\u0393\u03a9\u039d - \u039a\u039b\u0399\u039c\u0391\u03a4\u0399\u03a3\u039c\u039f\u03a3 - \u0395\u039e\u0391\u0395\u03a1\u0399\u03a3\u039c\u039f\u03a3","robots":{"index":"index","follow":"follow","max-snippet":"max-snippet:-1","max-image-preview":"max-image-preview:large","max-video-preview":"max-video-preview:-1"},"canonical":"https:\/\/hatzopoulos-sa.gr\/de\/ypiresies\/","og_locale":"de_DE","og_type":"article","og_title":"\u03a5\u03c0\u03b7\u03c1\u03b5\u03c3\u03af\u03b5\u03c2 - \u03a7\u0391\u03a4\u0396\u039f\u03a0\u039f\u03a5\u039b\u039f\u03a3 \u0391.\u0395. - \u0392\u0399\u039f\u039c\u0397\u03a7\u0391\u039d\u0399\u039a\u0395\u03a3 \u039c\u039f\u039d\u03a9\u03a3\u0395\u0399\u03a3 - \u0392\u0399\u039f\u039c\u0397\u03a7\u0391\u039d\u0399\u039a\u0395\u03a3 \u0395\u0393\u039a\u0391\u03a4\u0391\u03a3\u03a4\u0391\u03a3\u0395\u0399\u03a3 \u0391\u0395\u03a1\u0391\u0393\u03a9\u0393\u03a9\u039d - \u039a\u039b\u0399\u039c\u0391\u03a4\u0399\u03a3\u039c\u039f\u03a3 - \u0395\u039e\u0391\u0395\u03a1\u0399\u03a3\u039c\u039f\u03a3","og_url":"https:\/\/hatzopoulos-sa.gr\/de\/ypiresies\/","og_site_name":"\u03a7\u0391\u03a4\u0396\u039f\u03a0\u039f\u03a5\u039b\u039f\u03a3 \u0391.\u0395. - \u0392\u0399\u039f\u039c\u0397\u03a7\u0391\u039d\u0399\u039a\u0395\u03a3 \u039c\u039f\u039d\u03a9\u03a3\u0395\u0399\u03a3 - \u0392\u0399\u039f\u039c\u0397\u03a7\u0391\u039d\u0399\u039a\u0395\u03a3 \u0395\u0393\u039a\u0391\u03a4\u0391\u03a3\u03a4\u0391\u03a3\u0395\u0399\u03a3 \u0391\u0395\u03a1\u0391\u0393\u03a9\u0393\u03a9\u039d - \u039a\u039b\u0399\u039c\u0391\u03a4\u0399\u03a3\u039c\u039f\u03a3 - \u0395\u039e\u0391\u0395\u03a1\u0399\u03a3\u039c\u039f\u03a3","article_modified_time":"2022-10-25T16:55:09+00:00","twitter_card":"summary_large_image","twitter_misc":{"Gesch\u00e4tzte Lesezeit":"2\u00a0Minuten"},"schema":{"@context":"https:\/\/schema.org","@graph":[{"@type":"WebPage","@id":"https:\/\/hatzopoulos-sa.gr\/ypiresies\/","url":"https:\/\/hatzopoulos-sa.gr\/ypiresies\/","name":"\u03a5\u03c0\u03b7\u03c1\u03b5\u03c3\u03af\u03b5\u03c2 - \u03a7\u0391\u03a4\u0396\u039f\u03a0\u039f\u03a5\u039b\u039f\u03a3 \u0391.\u0395. - \u0392\u0399\u039f\u039c\u0397\u03a7\u0391\u039d\u0399\u039a\u0395\u03a3 \u039c\u039f\u039d\u03a9\u03a3\u0395\u0399\u03a3 - \u0392\u0399\u039f\u039c\u0397\u03a7\u0391\u039d\u0399\u039a\u0395\u03a3 \u0395\u0393\u039a\u0391\u03a4\u0391\u03a3\u03a4\u0391\u03a3\u0395\u0399\u03a3 \u0391\u0395\u03a1\u0391\u0393\u03a9\u0393\u03a9\u039d - \u039a\u039b\u0399\u039c\u0391\u03a4\u0399\u03a3\u039c\u039f\u03a3 - \u0395\u039e\u0391\u0395\u03a1\u0399\u03a3\u039c\u039f\u03a3","isPartOf":{"@id":"https:\/\/hatzopoulos-sa.gr\/#website"},"datePublished":"2022-09-19T16:54:56+00:00","dateModified":"2022-10-25T16:55:09+00:00","breadcrumb":{"@id":"https:\/\/hatzopoulos-sa.gr\/ypiresies\/#breadcrumb"},"inLanguage":"de","potentialAction":[{"@type":"ReadAction","target":["https:\/\/hatzopoulos-sa.gr\/ypiresies\/"]}]},{"@type":"BreadcrumbList","@id":"https:\/\/hatzopoulos-sa.gr\/ypiresies\/#breadcrumb","itemListElement":[{"@type":"ListItem","position":1,"name":"\u0391\u03c1\u03c7\u03b9\u03ba\u03ae","item":"https:\/\/hatzopoulos-sa.gr\/"},{"@type":"ListItem","position":2,"name":"\u03a5\u03c0\u03b7\u03c1\u03b5\u03c3\u03af\u03b5\u03c2"}]},{"@type":"WebSite","@id":"https:\/\/hatzopoulos-sa.gr\/#website","url":"https:\/\/hatzopoulos-sa.gr\/","name":"\u03a7\u0391\u03a4\u0396\u039f\u03a0\u039f\u03a5\u039b\u039f\u03a3 \u0391.\u0395. - \u0392\u0399\u039f\u039c\u0397\u03a7\u0391\u039d\u0399\u039a\u0395\u03a3 \u039c\u039f\u039d\u03a9\u03a3\u0395\u0399\u03a3 - \u0392\u0399\u039f\u039c\u0397\u03a7\u0391\u039d\u0399\u039a\u0395\u03a3 \u0395\u0393\u039a\u0391\u03a4\u0391\u03a3\u03a4\u0391\u03a3\u0395\u0399\u03a3 \u0391\u0395\u03a1\u0391\u0393\u03a9\u0393\u03a9\u039d - \u039a\u039b\u0399\u039c\u0391\u03a4\u0399\u03a3\u039c\u039f\u03a3 - \u0395\u039e\u0391\u0395\u03a1\u0399\u03a3\u039c\u039f\u03a3","description":"Just another WordPress site","potentialAction":[{"@type":"SearchAction","target":{"@type":"EntryPoint","urlTemplate":"https:\/\/hatzopoulos-sa.gr\/?s={search_term_string}"},"query-input":"required name=search_term_string"}],"inLanguage":"de"}]}},"_links":{"self":[{"href":"https:\/\/hatzopoulos-sa.gr\/de\/wp-json\/wp\/v2\/pages\/178"}],"collection":[{"href":"https:\/\/hatzopoulos-sa.gr\/de\/wp-json\/wp\/v2\/pages"}],"about":[{"href":"https:\/\/hatzopoulos-sa.gr\/de\/wp-json\/wp\/v2\/types\/page"}],"author":[{"embeddable":true,"href":"https:\/\/hatzopoulos-sa.gr\/de\/wp-json\/wp\/v2\/users\/1"}],"replies":[{"embeddable":true,"href":"https:\/\/hatzopoulos-sa.gr\/de\/wp-json\/wp\/v2\/comments?post=178"}],"version-history":[{"count":7,"href":"https:\/\/hatzopoulos-sa.gr\/de\/wp-json\/wp\/v2\/pages\/178\/revisions"}],"predecessor-version":[{"id":1114,"href":"https:\/\/hatzopoulos-sa.gr\/de\/wp-json\/wp\/v2\/pages\/178\/revisions\/1114"}],"wp:attachment":[{"href":"https:\/\/hatzopoulos-sa.gr\/de\/wp-json\/wp\/v2\/media?parent=178"}],"curies":[{"name":"wp","href":"https:\/\/api.w.org\/{rel}","templated":true}]}}